{"id":823,"date":"2024-06-17T18:50:43","date_gmt":"2024-06-18T00:50:43","guid":{"rendered":"https:\/\/dpi.unph.edu.hn\/?page_id=823"},"modified":"2024-06-26T09:53:18","modified_gmt":"2024-06-26T15:53:18","slug":"tegucigalpa","status":"publish","type":"page","link":"https:\/\/dpi.unph.edu.hn\/?page_id=823","title":{"rendered":"UNIDAD DE PROCESAMIENTO DE LA ESCENA DEL DELITO"},"content":{"rendered":"\t\t<div data-elementor-type=\"wp-page\" data-elementor-id=\"823\" class=\"elementor elementor-823\">\n\t\t\t\t<div class=\"elementor-element elementor-element-b826f82 e-con-full e-flex e-con e-parent\" data-id=\"b826f82\" data-element_type=\"container\" data-e-type=\"container\">\n\t\t\t\t<div class=\"elementor-element elementor-element-04ab159 elementor-widget elementor-widget-heading\" data-id=\"04ab159\" data-element_type=\"widget\" data-e-type=\"widget\" data-widget_type=\"heading.default\">\n\t\t\t\t<div class=\"elementor-widget-container\">\n\t\t\t\t\t<h2 class=\"elementor-heading-title elementor-size-default\">UNIDAD DE PROCESAMIENTO DE LA ESCENA DEL DELITO<\/h2>\t\t\t\t<\/div>\n\t\t\t\t<\/div>\n\t\t\t\t<\/div>\n\t\t<div class=\"elementor-element elementor-element-b59a562 e-flex e-con-boxed e-con e-parent\" data-id=\"b59a562\" data-element_type=\"container\" data-e-type=\"container\">\n\t\t\t\t\t<div class=\"e-con-inner\">\n\t\t\t\t<div class=\"elementor-element elementor-element-c8c252a elementor-widget elementor-widget-text-editor\" data-id=\"c8c252a\" data-element_type=\"widget\" data-e-type=\"widget\" data-widget_type=\"text-editor.default\">\n\t\t\t\t<div class=\"elementor-widget-container\">\n\t\t\t\t\t\t\t\t\t<ol><li><p>Procesamientos de escenas en el lugar de los hechos que involucren delitos contra la vida.<\/p><\/li><li><p>Procesamiento de escena en el lugar de los hechos en casos de delitos varios.<\/p><\/li><li><p>Reconstrucci\u00f3n de hechos.<\/p><\/li><li><p>Aplicaci\u00f3n de prueba orientativa de quimioluminiscencia.<\/p><\/li><li><p>Exhumaciones.<\/p><\/li><li><p>Inspecci\u00f3n a Veh\u00edculo.<\/p><\/li><li><p>Toma de Muestra de Residuos de Disparo.<\/p><\/li><\/ol>\t\t\t\t\t\t\t\t<\/div>\n\t\t\t\t<\/div>\n\t\t\t\t\t<\/div>\n\t\t\t\t<\/div>\n\t\t<div class=\"elementor-element elementor-element-435b0ab e-flex e-con-boxed e-con e-parent\" data-id=\"435b0ab\" data-element_type=\"container\" data-e-type=\"container\">\n\t\t\t\t\t<div class=\"e-con-inner\">\n\t\t<div class=\"elementor-element elementor-element-88d181b e-con-full e-flex e-con e-child\" data-id=\"88d181b\" data-element_type=\"container\" data-e-type=\"container\">\n\t\t\t\t<div class=\"elementor-element elementor-element-3e3eb23 elementor-widget elementor-widget-image\" data-id=\"3e3eb23\" data-element_type=\"widget\" data-e-type=\"widget\" data-widget_type=\"image.default\">\n\t\t\t\t<div class=\"elementor-widget-container\">\n\t\t\t\t\t\t\t\t\t\t\t\t\t\t\t<img fetchpriority=\"high\" decoding=\"async\" width=\"640\" height=\"371\" src=\"https:\/\/dpi.unph.edu.hn\/wp-content\/uploads\/2024\/06\/UPED_2_.jpeg\" class=\"attachment-large size-large wp-image-1507\" alt=\"\" srcset=\"https:\/\/dpi.unph.edu.hn\/wp-content\/uploads\/2024\/06\/UPED_2_.jpeg 700w, https:\/\/dpi.unph.edu.hn\/wp-content\/uploads\/2024\/06\/UPED_2_-300x174.jpeg 300w\" sizes=\"(max-width: 640px) 100vw, 640px\" \/>\t\t\t\t\t\t\t\t\t\t\t\t\t\t\t<\/div>\n\t\t\t\t<\/div>\n\t\t\t\t<\/div>\n\t\t<div class=\"elementor-element elementor-element-780f916 e-con-full e-flex e-con e-child\" data-id=\"780f916\" data-element_type=\"container\" data-e-type=\"container\">\n\t\t\t\t<div class=\"elementor-element elementor-element-e175106 elementor-widget elementor-widget-image\" data-id=\"e175106\" data-element_type=\"widget\" data-e-type=\"widget\" data-widget_type=\"image.default\">\n\t\t\t\t<div class=\"elementor-widget-container\">\n\t\t\t\t\t\t\t\t\t\t\t\t\t\t\t<img decoding=\"async\" width=\"640\" height=\"427\" src=\"https:\/\/dpi.unph.edu.hn\/wp-content\/uploads\/2024\/06\/IMG_8611-copia-1024x683.jpg\" class=\"attachment-large size-large wp-image-1528\" alt=\"\" srcset=\"https:\/\/dpi.unph.edu.hn\/wp-content\/uploads\/2024\/06\/IMG_8611-copia-1024x683.jpg 1024w, https:\/\/dpi.unph.edu.hn\/wp-content\/uploads\/2024\/06\/IMG_8611-copia-300x200.jpg 300w, https:\/\/dpi.unph.edu.hn\/wp-content\/uploads\/2024\/06\/IMG_8611-copia-768x512.jpg 768w, https:\/\/dpi.unph.edu.hn\/wp-content\/uploads\/2024\/06\/IMG_8611-copia-1536x1024.jpg 1536w, https:\/\/dpi.unph.edu.hn\/wp-content\/uploads\/2024\/06\/IMG_8611-copia-2048x1365.jpg 2048w\" sizes=\"(max-width: 640px) 100vw, 640px\" \/>\t\t\t\t\t\t\t\t\t\t\t\t\t\t\t<\/div>\n\t\t\t\t<\/div>\n\t\t\t\t<\/div>\n\t\t\t\t\t<\/div>\n\t\t\t\t<\/div>\n\t\t<div class=\"elementor-element elementor-element-f67b714 e-flex e-con-boxed e-con e-parent\" data-id=\"f67b714\" data-element_type=\"container\" data-e-type=\"container\">\n\t\t\t\t\t<div class=\"e-con-inner\">\n\t\t\t\t\t<\/div>\n\t\t\t\t<\/div>\n\t\t<div class=\"elementor-element elementor-element-616eb65 e-flex e-con-boxed elementor-invisible e-con e-parent\" data-id=\"616eb65\" data-element_type=\"container\" data-e-type=\"container\" data-settings=\"{&quot;background_background&quot;:&quot;classic&quot;,&quot;animation&quot;:&quot;fadeInRight&quot;}\">\n\t\t\t\t\t<div class=\"e-con-inner\">\n\t\t<div class=\"elementor-element elementor-element-e1116fb e-con-full e-flex e-con e-child\" data-id=\"e1116fb\" data-element_type=\"container\" data-e-type=\"container\" data-settings=\"{&quot;background_background&quot;:&quot;classic&quot;}\">\n\t\t\t\t<div class=\"elementor-element elementor-element-779ccfe elementor-widget elementor-widget-heading\" data-id=\"779ccfe\" data-element_type=\"widget\" data-e-type=\"widget\" data-widget_type=\"heading.default\">\n\t\t\t\t<div class=\"elementor-widget-container\">\n\t\t\t\t\t<h2 class=\"elementor-heading-title elementor-size-default\">Encu\u00e9ntranos <\/h2>\t\t\t\t<\/div>\n\t\t\t\t<\/div>\n\t\t\t\t<div class=\"elementor-element elementor-element-bdb0f25 elementor-widget__width-initial elementor-widget elementor-widget-text-editor\" data-id=\"bdb0f25\" data-element_type=\"widget\" data-e-type=\"widget\" data-widget_type=\"text-editor.default\">\n\t\t\t\t<div class=\"elementor-widget-container\">\n\t\t\t\t\t\t\t\t\t<p><strong>Tegucigalpa: Colonia Kennedy, Primera Entrada<\/strong><\/p><p><strong>San Pedro Sula: Colonia Calpules\u00a0<\/strong><\/p>\t\t\t\t\t\t\t\t<\/div>\n\t\t\t\t<\/div>\n\t\t\t\t<div class=\"elementor-element elementor-element-1e99e9a elementor-widget elementor-widget-heading\" data-id=\"1e99e9a\" data-element_type=\"widget\" data-e-type=\"widget\" data-widget_type=\"heading.default\">\n\t\t\t\t<div class=\"elementor-widget-container\">\n\t\t\t\t\t<h5 class=\"elementor-heading-title elementor-size-default\">Nuestra Sede Principal Zona Centro<\/h5>\t\t\t\t<\/div>\n\t\t\t\t<\/div>\n\t\t\t\t<div class=\"elementor-element elementor-element-b0a3442 elementor-widget elementor-widget-google_maps\" data-id=\"b0a3442\" data-element_type=\"widget\" data-e-type=\"widget\" data-widget_type=\"google_maps.default\">\n\t\t\t\t<div class=\"elementor-widget-container\">\n\t\t\t\t\t\t\t<div class=\"elementor-custom-embed\">\n\t\t\t<iframe loading=\"lazy\"\n\t\t\t\t\tsrc=\"https:\/\/maps.google.com\/maps?q=Primera%20entrada%20colonia%20Kennedy%2C%20boulevard%20Centro%20america%2C%2011101%20Tegucigalpa&#038;t=m&#038;z=17&#038;output=embed&#038;iwloc=near\"\n\t\t\t\t\ttitle=\"Primera entrada colonia Kennedy, boulevard Centro america, 11101 Tegucigalpa\"\n\t\t\t\t\taria-label=\"Primera entrada colonia Kennedy, boulevard Centro america, 11101 Tegucigalpa\"\n\t\t\t><\/iframe>\n\t\t<\/div>\n\t\t\t\t\t\t<\/div>\n\t\t\t\t<\/div>\n\t\t\t\t<\/div>\n\t\t\t\t<div class=\"elementor-element elementor-element-e7c8029 elementor-widget__width-initial elementor-widget-divider--view-line elementor-widget elementor-widget-divider\" data-id=\"e7c8029\" data-element_type=\"widget\" data-e-type=\"widget\" data-widget_type=\"divider.default\">\n\t\t\t\t<div class=\"elementor-widget-container\">\n\t\t\t\t\t\t\t<div class=\"elementor-divider\">\n\t\t\t<span class=\"elementor-divider-separator\">\n\t\t\t\t\t\t<\/span>\n\t\t<\/div>\n\t\t\t\t\t\t<\/div>\n\t\t\t\t<\/div>\n\t\t<div class=\"elementor-element elementor-element-c745152 e-con-full e-flex e-con e-child\" data-id=\"c745152\" data-element_type=\"container\" data-e-type=\"container\">\n\t\t\t\t<div class=\"elementor-element elementor-element-179a946 elementor-widget elementor-widget-text-editor\" data-id=\"179a946\" data-element_type=\"widget\" data-e-type=\"widget\" data-widget_type=\"text-editor.default\">\n\t\t\t\t<div class=\"elementor-widget-container\">\n\t\t\t\t\t\t\t\t\t<p><strong>Tel\u00e9fonos: 8977-0428<\/strong><\/p><p><strong>Correo: dpi.captacion@policianacional.gob.hn<\/strong><\/p>\t\t\t\t\t\t\t\t<\/div>\n\t\t\t\t<\/div>\n\t\t\t\t<div class=\"elementor-element elementor-element-5127590 elementor-widget elementor-widget-heading\" data-id=\"5127590\" data-element_type=\"widget\" data-e-type=\"widget\" data-widget_type=\"heading.default\">\n\t\t\t\t<div class=\"elementor-widget-container\">\n\t\t\t\t\t<h3 class=\"elementor-heading-title elementor-size-default\">DPI Tegucigalpa\/SPS<\/h3>\t\t\t\t<\/div>\n\t\t\t\t<\/div>\n\t\t\t\t<div class=\"elementor-element elementor-element-ef88ef5 elementor-widget__width-initial elementor-arrows-position-inside elementor-widget elementor-widget-image-carousel\" data-id=\"ef88ef5\" data-element_type=\"widget\" data-e-type=\"widget\" data-settings=\"{&quot;slides_to_show&quot;:&quot;1&quot;,&quot;navigation&quot;:&quot;arrows&quot;,&quot;autoplay&quot;:&quot;yes&quot;,&quot;pause_on_hover&quot;:&quot;yes&quot;,&quot;pause_on_interaction&quot;:&quot;yes&quot;,&quot;autoplay_speed&quot;:5000,&quot;infinite&quot;:&quot;yes&quot;,&quot;effect&quot;:&quot;slide&quot;,&quot;speed&quot;:500}\" data-widget_type=\"image-carousel.default\">\n\t\t\t\t<div class=\"elementor-widget-container\">\n\t\t\t\t\t\t\t<div class=\"elementor-image-carousel-wrapper swiper\" role=\"region\" aria-roledescription=\"carousel\" aria-label=\"Carrusel de Im\u00e1genes\" dir=\"ltr\">\n\t\t\t<div class=\"elementor-image-carousel swiper-wrapper\" aria-live=\"off\">\n\t\t\t\t\t\t\t\t<div class=\"swiper-slide\" role=\"group\" aria-roledescription=\"slide\" aria-label=\"1 de 6\"><figure class=\"swiper-slide-inner\"><img decoding=\"async\" class=\"swiper-slide-image\" src=\"https:\/\/dpi.unph.edu.hn\/wp-content\/uploads\/2024\/06\/WhatsApp-Image-2024-06-12-at-2.36.32-PM-2.jpeg\" alt=\"WhatsApp Image 2024-06-12 at 2.36.32 PM (2)\" \/><\/figure><\/div><div class=\"swiper-slide\" role=\"group\" aria-roledescription=\"slide\" aria-label=\"2 de 6\"><figure class=\"swiper-slide-inner\"><img decoding=\"async\" class=\"swiper-slide-image\" src=\"https:\/\/dpi.unph.edu.hn\/wp-content\/uploads\/2024\/06\/MMbeljNfiKLA7i2apQOC.jpg\" alt=\"MMbeljNfiKLA7i2apQOC\" \/><\/figure><\/div><div class=\"swiper-slide\" role=\"group\" aria-roledescription=\"slide\" aria-label=\"3 de 6\"><figure class=\"swiper-slide-inner\"><img decoding=\"async\" class=\"swiper-slide-image\" src=\"https:\/\/dpi.unph.edu.hn\/wp-content\/uploads\/2024\/06\/imagen-2-1536x1065.png\" alt=\"imagen 2\" \/><\/figure><\/div><div class=\"swiper-slide\" role=\"group\" aria-roledescription=\"slide\" aria-label=\"4 de 6\"><figure class=\"swiper-slide-inner\"><img decoding=\"async\" class=\"swiper-slide-image\" src=\"https:\/\/dpi.unph.edu.hn\/wp-content\/uploads\/2024\/06\/imagen-3.png\" alt=\"imagen 3\" \/><\/figure><\/div><div class=\"swiper-slide\" role=\"group\" aria-roledescription=\"slide\" aria-label=\"5 de 6\"><figure class=\"swiper-slide-inner\"><img decoding=\"async\" class=\"swiper-slide-image\" src=\"https:\/\/dpi.unph.edu.hn\/wp-content\/uploads\/2024\/06\/CAPTACION-GPEG-1-1.jpg\" alt=\"CAPTACION GPEG (1)\" \/><\/figure><\/div><div class=\"swiper-slide\" role=\"group\" aria-roledescription=\"slide\" aria-label=\"6 de 6\"><figure class=\"swiper-slide-inner\"><img decoding=\"async\" class=\"swiper-slide-image\" src=\"https:\/\/dpi.unph.edu.hn\/wp-content\/uploads\/2024\/06\/WhatsApp-Image-2024-06-13-at-1.34.50-PM-1536x1129.jpeg\" alt=\"WhatsApp Image 2024-06-13 at 1.34.50 PM\" \/><\/figure><\/div>\t\t\t<\/div>\n\t\t\t\t\t\t\t\t\t\t\t\t<div class=\"elementor-swiper-button elementor-swiper-button-prev\" role=\"button\" tabindex=\"0\">\n\t\t\t\t\t\t<svg aria-hidden=\"true\" class=\"e-font-icon-svg e-eicon-chevron-left\" viewBox=\"0 0 1000 1000\" xmlns=\"http:\/\/www.w3.org\/2000\/svg\"><path d=\"M646 125C629 125 613 133 604 142L308 442C296 454 292 471 292 487 292 504 296 521 308 533L604 854C617 867 629 875 646 875 663 875 679 871 692 858 704 846 713 829 713 812 713 796 708 779 692 767L438 487 692 225C700 217 708 204 708 187 708 171 704 154 692 142 675 129 663 125 646 125Z\"><\/path><\/svg>\t\t\t\t\t<\/div>\n\t\t\t\t\t<div class=\"elementor-swiper-button elementor-swiper-button-next\" role=\"button\" tabindex=\"0\">\n\t\t\t\t\t\t<svg aria-hidden=\"true\" class=\"e-font-icon-svg e-eicon-chevron-right\" viewBox=\"0 0 1000 1000\" xmlns=\"http:\/\/www.w3.org\/2000\/svg\"><path d=\"M696 533C708 521 713 504 713 487 713 471 708 454 696 446L400 146C388 133 375 125 354 125 338 125 325 129 313 142 300 154 292 171 292 187 292 204 296 221 308 233L563 492 304 771C292 783 288 800 288 817 288 833 296 850 308 863 321 871 338 875 354 875 371 875 388 867 400 854L696 533Z\"><\/path><\/svg>\t\t\t\t\t<\/div>\n\t\t\t\t\n\t\t\t\t\t\t\t\t\t<\/div>\n\t\t\t\t\t\t<\/div>\n\t\t\t\t<\/div>\n\t\t\t\t<\/div>\n\t\t\t\t\t<\/div>\n\t\t\t\t<\/div>\n\t\t\t\t<\/div>\n\t\t","protected":false},"excerpt":{"rendered":"<p>UNIDAD DE PROCESAMIENTO DE LA ESCENA DEL DELITO Procesamientos de escenas en el lugar de los hechos que involucren delitos contra la vida. Procesamiento de escena en el lugar de los hechos en casos de delitos varios. Reconstrucci\u00f3n de hechos. Aplicaci\u00f3n de prueba orientativa de quimioluminiscencia. Exhumaciones. Inspecci\u00f3n a Veh\u00edculo. Toma de Muestra de Residuos [&hellip;]<\/p>\n","protected":false},"author":4,"featured_media":0,"parent":0,"menu_order":0,"comment_status":"closed","ping_status":"closed","template":"","meta":{"footnotes":""},"class_list":["post-823","page","type-page","status-publish","hentry"],"_links":{"self":[{"href":"https:\/\/dpi.unph.edu.hn\/index.php?rest_route=\/wp\/v2\/pages\/823","targetHints":{"allow":["GET"]}}],"collection":[{"href":"https:\/\/dpi.unph.edu.hn\/index.php?rest_route=\/wp\/v2\/pages"}],"about":[{"href":"https:\/\/dpi.unph.edu.hn\/index.php?rest_route=\/wp\/v2\/types\/page"}],"author":[{"embeddable":true,"href":"https:\/\/dpi.unph.edu.hn\/index.php?rest_route=\/wp\/v2\/users\/4"}],"replies":[{"embeddable":true,"href":"https:\/\/dpi.unph.edu.hn\/index.php?rest_route=%2Fwp%2Fv2%2Fcomments&post=823"}],"version-history":[{"count":23,"href":"https:\/\/dpi.unph.edu.hn\/index.php?rest_route=\/wp\/v2\/pages\/823\/revisions"}],"predecessor-version":[{"id":1620,"href":"https:\/\/dpi.unph.edu.hn\/index.php?rest_route=\/wp\/v2\/pages\/823\/revisions\/1620"}],"wp:attachment":[{"href":"https:\/\/dpi.unph.edu.hn\/index.php?rest_route=%2Fwp%2Fv2%2Fmedia&parent=823"}],"curies":[{"name":"wp","href":"https:\/\/api.w.org\/{rel}","templated":true}]}}