{"id":1275,"date":"2024-06-24T10:22:15","date_gmt":"2024-06-24T16:22:15","guid":{"rendered":"https:\/\/dpi.unph.edu.hn\/?page_id=1275"},"modified":"2024-06-24T10:47:29","modified_gmt":"2024-06-24T16:47:29","slug":"etapa-de-seleccion-final","status":"publish","type":"page","link":"https:\/\/dpi.unph.edu.hn\/?page_id=1275","title":{"rendered":"ETAPA DE SELECCI\u00d3N FINAL"},"content":{"rendered":"\t\t<div data-elementor-type=\"wp-page\" data-elementor-id=\"1275\" class=\"elementor elementor-1275\" data-elementor-post-type=\"page\">\n\t\t\t\t<div class=\"elementor-element elementor-element-fdc7734 e-flex e-con-boxed e-con e-parent\" data-id=\"fdc7734\" data-element_type=\"container\" data-e-type=\"container\">\n\t\t\t\t\t<div class=\"e-con-inner\">\n\t\t\t\t<div class=\"elementor-element elementor-element-a46d539 elementor-widget elementor-widget-heading\" data-id=\"a46d539\" data-element_type=\"widget\" data-e-type=\"widget\" data-widget_type=\"heading.default\">\n\t\t\t\t<div class=\"elementor-widget-container\">\n\t\t\t\t\t<h2 class=\"elementor-heading-title elementor-size-default\">ETAPA DE SELECCION FINAL <\/h2>\t\t\t\t<\/div>\n\t\t\t\t<\/div>\n\t\t\t\t\t<\/div>\n\t\t\t\t<\/div>\n\t\t<div class=\"elementor-element elementor-element-83240db e-flex e-con-boxed e-con e-parent\" data-id=\"83240db\" data-element_type=\"container\" data-e-type=\"container\">\n\t\t\t\t\t<div class=\"e-con-inner\">\n\t\t\t\t\t<\/div>\n\t\t\t\t<\/div>\n\t\t<div class=\"elementor-element elementor-element-e761881 e-flex e-con-boxed e-con e-parent\" data-id=\"e761881\" data-element_type=\"container\" data-e-type=\"container\">\n\t\t\t\t\t<div class=\"e-con-inner\">\n\t\t\t\t<div class=\"elementor-element elementor-element-e100c7e elementor-widget elementor-widget-text-editor\" data-id=\"e100c7e\" data-element_type=\"widget\" data-e-type=\"widget\" data-widget_type=\"text-editor.default\">\n\t\t\t\t<div class=\"elementor-widget-container\">\n\t\t\t\t\t\t\t\t\t<p>El listado preliminar de postulantes seleccionados, de acuerdo a las vacantes establecidas para cada a\u00f1o, ser\u00e1 el resultado del c\u00e1lculo del puntaje ponderado de las siguientes etapas: Evaluaci\u00f3n M\u00e9dica, Psicol\u00f3gica, Toxicol\u00f3gicas, Psicom\u00e9tricas y Pruebas de Confianza.<\/p><p>La notificaci\u00f3n de las y los Postulantes Seleccionados, se realizar\u00e1 a trav\u00e9s de llamada telef\u00f3nica y correo electr\u00f3nico con el que se registraron al momento de la inscripci\u00f3n, el cual no debe ser modificado mientras el proceso de Admisi\u00f3n se encuentre en desarrollo.<\/p>\t\t\t\t\t\t\t\t<\/div>\n\t\t\t\t<\/div>\n\t\t\t\t\t<\/div>\n\t\t\t\t<\/div>\n\t\t<div class=\"elementor-element elementor-element-eef147d e-flex e-con-boxed e-con e-parent\" data-id=\"eef147d\" data-element_type=\"container\" data-e-type=\"container\">\n\t\t\t\t\t<div class=\"e-con-inner\">\n\t\t\t\t\t<\/div>\n\t\t\t\t<\/div>\n\t\t<div class=\"elementor-element elementor-element-43404bb e-flex e-con-boxed elementor-invisible e-con e-parent\" data-id=\"43404bb\" data-element_type=\"container\" data-e-type=\"container\" data-settings=\"{&quot;background_background&quot;:&quot;classic&quot;,&quot;animation&quot;:&quot;fadeInRight&quot;}\">\n\t\t\t\t\t<div class=\"e-con-inner\">\n\t\t<div class=\"elementor-element elementor-element-0d4b657 e-con-full e-flex e-con e-child\" data-id=\"0d4b657\" data-element_type=\"container\" data-e-type=\"container\" data-settings=\"{&quot;background_background&quot;:&quot;classic&quot;}\">\n\t\t\t\t<div class=\"elementor-element elementor-element-942235b elementor-widget elementor-widget-heading\" data-id=\"942235b\" data-element_type=\"widget\" data-e-type=\"widget\" data-widget_type=\"heading.default\">\n\t\t\t\t<div class=\"elementor-widget-container\">\n\t\t\t\t\t<h2 class=\"elementor-heading-title elementor-size-default\">Encu\u00e9ntranos <\/h2>\t\t\t\t<\/div>\n\t\t\t\t<\/div>\n\t\t\t\t<div class=\"elementor-element elementor-element-d364929 elementor-widget__width-initial elementor-widget elementor-widget-text-editor\" data-id=\"d364929\" data-element_type=\"widget\" data-e-type=\"widget\" data-widget_type=\"text-editor.default\">\n\t\t\t\t<div class=\"elementor-widget-container\">\n\t\t\t\t\t\t\t\t\t<p><strong>Tegucigalpa: Colonia Kennedy, Primera Entrada<\/strong><\/p><p><strong>San Pedro Sula: Colonia Calpules\u00a0<\/strong><\/p>\t\t\t\t\t\t\t\t<\/div>\n\t\t\t\t<\/div>\n\t\t\t\t<div class=\"elementor-element elementor-element-94df49a elementor-widget elementor-widget-heading\" data-id=\"94df49a\" data-element_type=\"widget\" data-e-type=\"widget\" data-widget_type=\"heading.default\">\n\t\t\t\t<div class=\"elementor-widget-container\">\n\t\t\t\t\t<h5 class=\"elementor-heading-title elementor-size-default\">Nuestra Sede Principal Zona Centro<\/h5>\t\t\t\t<\/div>\n\t\t\t\t<\/div>\n\t\t\t\t<div class=\"elementor-element elementor-element-28da20d elementor-widget elementor-widget-google_maps\" data-id=\"28da20d\" data-element_type=\"widget\" data-e-type=\"widget\" data-widget_type=\"google_maps.default\">\n\t\t\t\t<div class=\"elementor-widget-container\">\n\t\t\t\t\t\t\t<div class=\"elementor-custom-embed\">\n\t\t\t<iframe loading=\"lazy\"\n\t\t\t\t\tsrc=\"https:\/\/maps.google.com\/maps?q=Primera%20entrada%20colonia%20Kennedy%2C%20boulevard%20Centro%20america%2C%2011101%20Tegucigalpa&#038;t=m&#038;z=17&#038;output=embed&#038;iwloc=near\"\n\t\t\t\t\ttitle=\"Primera entrada colonia Kennedy, boulevard Centro america, 11101 Tegucigalpa\"\n\t\t\t\t\taria-label=\"Primera entrada colonia Kennedy, boulevard Centro america, 11101 Tegucigalpa\"\n\t\t\t><\/iframe>\n\t\t<\/div>\n\t\t\t\t\t\t<\/div>\n\t\t\t\t<\/div>\n\t\t\t\t<\/div>\n\t\t\t\t<div class=\"elementor-element elementor-element-a0047a3 elementor-widget__width-initial elementor-widget-divider--view-line elementor-widget elementor-widget-divider\" data-id=\"a0047a3\" data-element_type=\"widget\" data-e-type=\"widget\" data-widget_type=\"divider.default\">\n\t\t\t\t<div class=\"elementor-widget-container\">\n\t\t\t\t\t\t\t<div class=\"elementor-divider\">\n\t\t\t<span class=\"elementor-divider-separator\">\n\t\t\t\t\t\t<\/span>\n\t\t<\/div>\n\t\t\t\t\t\t<\/div>\n\t\t\t\t<\/div>\n\t\t<div class=\"elementor-element elementor-element-ec6aacc e-con-full e-flex e-con e-child\" data-id=\"ec6aacc\" data-element_type=\"container\" data-e-type=\"container\">\n\t\t\t\t<div class=\"elementor-element elementor-element-cfa5650 elementor-widget elementor-widget-text-editor\" data-id=\"cfa5650\" data-element_type=\"widget\" data-e-type=\"widget\" data-widget_type=\"text-editor.default\">\n\t\t\t\t<div class=\"elementor-widget-container\">\n\t\t\t\t\t\t\t\t\t<p><strong>Tel\u00e9fonos: 8977-0428<\/strong><\/p><p><strong>Correo: dpi.captacion@policianacional.gob.hn<\/strong><\/p>\t\t\t\t\t\t\t\t<\/div>\n\t\t\t\t<\/div>\n\t\t\t\t<div class=\"elementor-element elementor-element-e8b4559 elementor-widget elementor-widget-heading\" data-id=\"e8b4559\" data-element_type=\"widget\" data-e-type=\"widget\" data-widget_type=\"heading.default\">\n\t\t\t\t<div class=\"elementor-widget-container\">\n\t\t\t\t\t<h3 class=\"elementor-heading-title elementor-size-default\">DPI Tegucigalpa\/SPS<\/h3>\t\t\t\t<\/div>\n\t\t\t\t<\/div>\n\t\t\t\t<div class=\"elementor-element elementor-element-af4fb91 elementor-widget__width-initial elementor-arrows-position-inside elementor-widget elementor-widget-image-carousel\" data-id=\"af4fb91\" data-element_type=\"widget\" data-e-type=\"widget\" data-settings=\"{&quot;slides_to_show&quot;:&quot;1&quot;,&quot;navigation&quot;:&quot;arrows&quot;,&quot;autoplay&quot;:&quot;yes&quot;,&quot;pause_on_hover&quot;:&quot;yes&quot;,&quot;pause_on_interaction&quot;:&quot;yes&quot;,&quot;autoplay_speed&quot;:5000,&quot;infinite&quot;:&quot;yes&quot;,&quot;effect&quot;:&quot;slide&quot;,&quot;speed&quot;:500}\" data-widget_type=\"image-carousel.default\">\n\t\t\t\t<div class=\"elementor-widget-container\">\n\t\t\t\t\t\t\t<div class=\"elementor-image-carousel-wrapper swiper\" role=\"region\" aria-roledescription=\"carousel\" aria-label=\"Carrusel de Im\u00e1genes\" dir=\"ltr\">\n\t\t\t<div class=\"elementor-image-carousel swiper-wrapper\" aria-live=\"off\">\n\t\t\t\t\t\t\t\t<div class=\"swiper-slide\" role=\"group\" aria-roledescription=\"slide\" aria-label=\"1 de 6\"><figure class=\"swiper-slide-inner\"><img decoding=\"async\" class=\"swiper-slide-image\" src=\"https:\/\/dpi.unph.edu.hn\/wp-content\/uploads\/2024\/06\/WhatsApp-Image-2024-06-12-at-2.36.32-PM-2.jpeg\" alt=\"WhatsApp Image 2024-06-12 at 2.36.32 PM (2)\" \/><\/figure><\/div><div class=\"swiper-slide\" role=\"group\" aria-roledescription=\"slide\" aria-label=\"2 de 6\"><figure class=\"swiper-slide-inner\"><img decoding=\"async\" class=\"swiper-slide-image\" src=\"https:\/\/dpi.unph.edu.hn\/wp-content\/uploads\/2024\/06\/MMbeljNfiKLA7i2apQOC.jpg\" alt=\"MMbeljNfiKLA7i2apQOC\" \/><\/figure><\/div><div class=\"swiper-slide\" role=\"group\" aria-roledescription=\"slide\" aria-label=\"3 de 6\"><figure class=\"swiper-slide-inner\"><img decoding=\"async\" class=\"swiper-slide-image\" src=\"https:\/\/dpi.unph.edu.hn\/wp-content\/uploads\/2024\/06\/imagen-2-1536x1065.png\" alt=\"imagen 2\" \/><\/figure><\/div><div class=\"swiper-slide\" role=\"group\" aria-roledescription=\"slide\" aria-label=\"4 de 6\"><figure class=\"swiper-slide-inner\"><img decoding=\"async\" class=\"swiper-slide-image\" src=\"https:\/\/dpi.unph.edu.hn\/wp-content\/uploads\/2024\/06\/imagen-3.png\" alt=\"imagen 3\" \/><\/figure><\/div><div class=\"swiper-slide\" role=\"group\" aria-roledescription=\"slide\" aria-label=\"5 de 6\"><figure class=\"swiper-slide-inner\"><img decoding=\"async\" class=\"swiper-slide-image\" src=\"https:\/\/dpi.unph.edu.hn\/wp-content\/uploads\/2024\/06\/CAPTACION-GPEG-1-1.jpg\" alt=\"CAPTACION GPEG (1)\" \/><\/figure><\/div><div class=\"swiper-slide\" role=\"group\" aria-roledescription=\"slide\" aria-label=\"6 de 6\"><figure class=\"swiper-slide-inner\"><img decoding=\"async\" class=\"swiper-slide-image\" src=\"https:\/\/dpi.unph.edu.hn\/wp-content\/uploads\/2024\/06\/WhatsApp-Image-2024-06-13-at-1.34.50-PM-1536x1129.jpeg\" alt=\"WhatsApp Image 2024-06-13 at 1.34.50 PM\" \/><\/figure><\/div>\t\t\t<\/div>\n\t\t\t\t\t\t\t\t\t\t\t\t<div class=\"elementor-swiper-button elementor-swiper-button-prev\" role=\"button\" tabindex=\"0\">\n\t\t\t\t\t\t<svg aria-hidden=\"true\" class=\"e-font-icon-svg e-eicon-chevron-left\" viewBox=\"0 0 1000 1000\" xmlns=\"http:\/\/www.w3.org\/2000\/svg\"><path d=\"M646 125C629 125 613 133 604 142L308 442C296 454 292 471 292 487 292 504 296 521 308 533L604 854C617 867 629 875 646 875 663 875 679 871 692 858 704 846 713 829 713 812 713 796 708 779 692 767L438 487 692 225C700 217 708 204 708 187 708 171 704 154 692 142 675 129 663 125 646 125Z\"><\/path><\/svg>\t\t\t\t\t<\/div>\n\t\t\t\t\t<div class=\"elementor-swiper-button elementor-swiper-button-next\" role=\"button\" tabindex=\"0\">\n\t\t\t\t\t\t<svg aria-hidden=\"true\" class=\"e-font-icon-svg e-eicon-chevron-right\" viewBox=\"0 0 1000 1000\" xmlns=\"http:\/\/www.w3.org\/2000\/svg\"><path d=\"M696 533C708 521 713 504 713 487 713 471 708 454 696 446L400 146C388 133 375 125 354 125 338 125 325 129 313 142 300 154 292 171 292 187 292 204 296 221 308 233L563 492 304 771C292 783 288 800 288 817 288 833 296 850 308 863 321 871 338 875 354 875 371 875 388 867 400 854L696 533Z\"><\/path><\/svg>\t\t\t\t\t<\/div>\n\t\t\t\t\n\t\t\t\t\t\t\t\t\t<\/div>\n\t\t\t\t\t\t<\/div>\n\t\t\t\t<\/div>\n\t\t\t\t<\/div>\n\t\t\t\t\t<\/div>\n\t\t\t\t<\/div>\n\t\t\t\t<\/div>\n\t\t","protected":false},"excerpt":{"rendered":"<p>ETAPA DE SELECCION FINAL El listado preliminar de postulantes seleccionados, de acuerdo a las vacantes establecidas para cada a\u00f1o, ser\u00e1 el resultado del c\u00e1lculo del puntaje ponderado de las siguientes etapas: Evaluaci\u00f3n M\u00e9dica, Psicol\u00f3gica, Toxicol\u00f3gicas, Psicom\u00e9tricas y Pruebas de Confianza. La notificaci\u00f3n de las y los Postulantes Seleccionados, se realizar\u00e1 a trav\u00e9s de llamada telef\u00f3nica [&hellip;]<\/p>\n","protected":false},"author":4,"featured_media":0,"parent":0,"menu_order":0,"comment_status":"closed","ping_status":"closed","template":"","meta":{"footnotes":""},"class_list":["post-1275","page","type-page","status-publish","hentry"],"_links":{"self":[{"href":"https:\/\/dpi.unph.edu.hn\/index.php?rest_route=\/wp\/v2\/pages\/1275","targetHints":{"allow":["GET"]}}],"collection":[{"href":"https:\/\/dpi.unph.edu.hn\/index.php?rest_route=\/wp\/v2\/pages"}],"about":[{"href":"https:\/\/dpi.unph.edu.hn\/index.php?rest_route=\/wp\/v2\/types\/page"}],"author":[{"embeddable":true,"href":"https:\/\/dpi.unph.edu.hn\/index.php?rest_route=\/wp\/v2\/users\/4"}],"replies":[{"embeddable":true,"href":"https:\/\/dpi.unph.edu.hn\/index.php?rest_route=%2Fwp%2Fv2%2Fcomments&post=1275"}],"version-history":[{"count":4,"href":"https:\/\/dpi.unph.edu.hn\/index.php?rest_route=\/wp\/v2\/pages\/1275\/revisions"}],"predecessor-version":[{"id":1305,"href":"https:\/\/dpi.unph.edu.hn\/index.php?rest_route=\/wp\/v2\/pages\/1275\/revisions\/1305"}],"wp:attachment":[{"href":"https:\/\/dpi.unph.edu.hn\/index.php?rest_route=%2Fwp%2Fv2%2Fmedia&parent=1275"}],"curies":[{"name":"wp","href":"https:\/\/api.w.org\/{rel}","templated":true}]}}