{"id":1268,"date":"2024-06-24T10:19:39","date_gmt":"2024-06-24T16:19:39","guid":{"rendered":"https:\/\/dpi.unph.edu.hn\/?page_id=1268"},"modified":"2024-06-24T11:03:12","modified_gmt":"2024-06-24T17:03:12","slug":"requisitos","status":"publish","type":"page","link":"https:\/\/dpi.unph.edu.hn\/?page_id=1268","title":{"rendered":"REQUISITOS"},"content":{"rendered":"\t\t<div data-elementor-type=\"wp-page\" data-elementor-id=\"1268\" class=\"elementor elementor-1268\" data-elementor-post-type=\"page\">\n\t\t\t\t<div class=\"elementor-element elementor-element-e0dbde9 e-flex e-con-boxed e-con e-parent\" data-id=\"e0dbde9\" data-element_type=\"container\" data-e-type=\"container\">\n\t\t\t\t\t<div class=\"e-con-inner\">\n\t\t\t\t<div class=\"elementor-element elementor-element-c840a63 elementor-widget elementor-widget-heading\" data-id=\"c840a63\" data-element_type=\"widget\" data-e-type=\"widget\" data-widget_type=\"heading.default\">\n\t\t\t\t<div class=\"elementor-widget-container\">\n\t\t\t\t\t<h2 class=\"elementor-heading-title elementor-size-default\">REQUISITOS<\/h2>\t\t\t\t<\/div>\n\t\t\t\t<\/div>\n\t\t\t\t\t<\/div>\n\t\t\t\t<\/div>\n\t\t<div class=\"elementor-element elementor-element-6059133 e-flex e-con-boxed e-con e-parent\" data-id=\"6059133\" data-element_type=\"container\" data-e-type=\"container\">\n\t\t\t\t\t<div class=\"e-con-inner\">\n\t\t\t\t<div class=\"elementor-element elementor-element-d147b30 elementor-widget__width-inherit elementor-widget elementor-widget-text-editor\" data-id=\"d147b30\" data-element_type=\"widget\" data-e-type=\"widget\" data-widget_type=\"text-editor.default\">\n\t\t\t\t<div class=\"elementor-widget-container\">\n\t\t\t\t\t\t\t\t\t<ol><li>Ser hondure\u00f1o (a) por nacimiento.<\/li><li>T\u00edtulo de educaci\u00f3n media.<\/li><li>Documento Nacional de Identificaci\u00f3n<\/li><li>Edad de 18 a 29 a\u00f1os (cumplidos a la fecha de ingreso).<\/li><li>No tener antecedentes disciplinarios, penales y policiales.<\/li><li>No tener tatuajes en ninguna parte de su cuerpo, ni indicios que lo haya tenido.<\/li><li>No adolecer de ning\u00fan impedimento f\u00edsico.<\/li><li>No poseer perforaci\u00f3n en ninguna parte de su cuerpo que indiquen pr\u00e1cticas que van en contra de las buenas costumbres.<\/li><li>No haber cesado en cargo p\u00fablico o privado por despido, debido a faltas disciplinarias o delitos.<\/li><li>Aprobar los ex\u00e1menes m\u00e9dicos.<\/li><li>Aprobar las evaluaciones de confianza.<\/li><\/ol>\t\t\t\t\t\t\t\t<\/div>\n\t\t\t\t<\/div>\n\t\t\t\t\t<\/div>\n\t\t\t\t<\/div>\n\t\t<div class=\"elementor-element elementor-element-096adc5 e-flex e-con-boxed e-con e-parent\" data-id=\"096adc5\" data-element_type=\"container\" data-e-type=\"container\">\n\t\t\t\t\t<div class=\"e-con-inner\">\n\t\t\t\t\t<\/div>\n\t\t\t\t<\/div>\n\t\t<div class=\"elementor-element elementor-element-9f810e7 e-flex e-con-boxed elementor-invisible e-con e-parent\" data-id=\"9f810e7\" data-element_type=\"container\" data-e-type=\"container\" data-settings=\"{&quot;background_background&quot;:&quot;classic&quot;,&quot;animation&quot;:&quot;fadeInRight&quot;}\">\n\t\t\t\t\t<div class=\"e-con-inner\">\n\t\t<div class=\"elementor-element elementor-element-26e91f8 e-con-full e-flex e-con e-child\" data-id=\"26e91f8\" data-element_type=\"container\" data-e-type=\"container\" data-settings=\"{&quot;background_background&quot;:&quot;classic&quot;}\">\n\t\t\t\t<div class=\"elementor-element elementor-element-5de039c elementor-widget elementor-widget-heading\" data-id=\"5de039c\" data-element_type=\"widget\" data-e-type=\"widget\" data-widget_type=\"heading.default\">\n\t\t\t\t<div class=\"elementor-widget-container\">\n\t\t\t\t\t<h2 class=\"elementor-heading-title elementor-size-default\">Encu\u00e9ntranos <\/h2>\t\t\t\t<\/div>\n\t\t\t\t<\/div>\n\t\t\t\t<div class=\"elementor-element elementor-element-baa1518 elementor-widget__width-initial elementor-widget elementor-widget-text-editor\" data-id=\"baa1518\" data-element_type=\"widget\" data-e-type=\"widget\" data-widget_type=\"text-editor.default\">\n\t\t\t\t<div class=\"elementor-widget-container\">\n\t\t\t\t\t\t\t\t\t<p><strong>Tegucigalpa: Colonia Kennedy, Primera Entrada<\/strong><\/p><p><strong>San Pedro Sula: Colonia Calpules\u00a0<\/strong><\/p>\t\t\t\t\t\t\t\t<\/div>\n\t\t\t\t<\/div>\n\t\t\t\t<div class=\"elementor-element elementor-element-ff79be3 elementor-widget elementor-widget-heading\" data-id=\"ff79be3\" data-element_type=\"widget\" data-e-type=\"widget\" data-widget_type=\"heading.default\">\n\t\t\t\t<div class=\"elementor-widget-container\">\n\t\t\t\t\t<h5 class=\"elementor-heading-title elementor-size-default\">Nuestra Sede Principal Zona Centro<\/h5>\t\t\t\t<\/div>\n\t\t\t\t<\/div>\n\t\t\t\t<div class=\"elementor-element elementor-element-d6854d2 elementor-widget elementor-widget-google_maps\" data-id=\"d6854d2\" data-element_type=\"widget\" data-e-type=\"widget\" data-widget_type=\"google_maps.default\">\n\t\t\t\t<div class=\"elementor-widget-container\">\n\t\t\t\t\t\t\t<div class=\"elementor-custom-embed\">\n\t\t\t<iframe loading=\"lazy\"\n\t\t\t\t\tsrc=\"https:\/\/maps.google.com\/maps?q=Primera%20entrada%20colonia%20Kennedy%2C%20boulevard%20Centro%20america%2C%2011101%20Tegucigalpa&#038;t=m&#038;z=17&#038;output=embed&#038;iwloc=near\"\n\t\t\t\t\ttitle=\"Primera entrada colonia Kennedy, boulevard Centro america, 11101 Tegucigalpa\"\n\t\t\t\t\taria-label=\"Primera entrada colonia Kennedy, boulevard Centro america, 11101 Tegucigalpa\"\n\t\t\t><\/iframe>\n\t\t<\/div>\n\t\t\t\t\t\t<\/div>\n\t\t\t\t<\/div>\n\t\t\t\t<\/div>\n\t\t\t\t<div class=\"elementor-element elementor-element-6f1e9c8 elementor-widget__width-initial elementor-widget-divider--view-line elementor-widget elementor-widget-divider\" data-id=\"6f1e9c8\" data-element_type=\"widget\" data-e-type=\"widget\" data-widget_type=\"divider.default\">\n\t\t\t\t<div class=\"elementor-widget-container\">\n\t\t\t\t\t\t\t<div class=\"elementor-divider\">\n\t\t\t<span class=\"elementor-divider-separator\">\n\t\t\t\t\t\t<\/span>\n\t\t<\/div>\n\t\t\t\t\t\t<\/div>\n\t\t\t\t<\/div>\n\t\t<div class=\"elementor-element elementor-element-eb5a7aa e-con-full e-flex e-con e-child\" data-id=\"eb5a7aa\" data-element_type=\"container\" data-e-type=\"container\">\n\t\t\t\t<div class=\"elementor-element elementor-element-6a1e2bd elementor-widget elementor-widget-text-editor\" data-id=\"6a1e2bd\" data-element_type=\"widget\" data-e-type=\"widget\" data-widget_type=\"text-editor.default\">\n\t\t\t\t<div class=\"elementor-widget-container\">\n\t\t\t\t\t\t\t\t\t<p><strong>Tel\u00e9fonos: 8977-0428<\/strong><\/p><p><strong>Correo: dpi.captacion@policianacional.gob.hn<\/strong><\/p>\t\t\t\t\t\t\t\t<\/div>\n\t\t\t\t<\/div>\n\t\t\t\t<div class=\"elementor-element elementor-element-f1251ce elementor-widget elementor-widget-heading\" data-id=\"f1251ce\" data-element_type=\"widget\" data-e-type=\"widget\" data-widget_type=\"heading.default\">\n\t\t\t\t<div class=\"elementor-widget-container\">\n\t\t\t\t\t<h3 class=\"elementor-heading-title elementor-size-default\">DPI Tegucigalpa\/SPS<\/h3>\t\t\t\t<\/div>\n\t\t\t\t<\/div>\n\t\t\t\t<div class=\"elementor-element elementor-element-cd11fca elementor-widget__width-initial elementor-arrows-position-inside elementor-widget elementor-widget-image-carousel\" data-id=\"cd11fca\" data-element_type=\"widget\" data-e-type=\"widget\" data-settings=\"{&quot;slides_to_show&quot;:&quot;1&quot;,&quot;navigation&quot;:&quot;arrows&quot;,&quot;autoplay&quot;:&quot;yes&quot;,&quot;pause_on_hover&quot;:&quot;yes&quot;,&quot;pause_on_interaction&quot;:&quot;yes&quot;,&quot;autoplay_speed&quot;:5000,&quot;infinite&quot;:&quot;yes&quot;,&quot;effect&quot;:&quot;slide&quot;,&quot;speed&quot;:500}\" data-widget_type=\"image-carousel.default\">\n\t\t\t\t<div class=\"elementor-widget-container\">\n\t\t\t\t\t\t\t<div class=\"elementor-image-carousel-wrapper swiper\" role=\"region\" aria-roledescription=\"carousel\" aria-label=\"Carrusel de Im\u00e1genes\" dir=\"ltr\">\n\t\t\t<div class=\"elementor-image-carousel swiper-wrapper\" aria-live=\"off\">\n\t\t\t\t\t\t\t\t<div class=\"swiper-slide\" role=\"group\" aria-roledescription=\"slide\" aria-label=\"1 de 6\"><figure class=\"swiper-slide-inner\"><img decoding=\"async\" class=\"swiper-slide-image\" src=\"https:\/\/dpi.unph.edu.hn\/wp-content\/uploads\/2024\/06\/WhatsApp-Image-2024-06-12-at-2.36.32-PM-2.jpeg\" alt=\"WhatsApp Image 2024-06-12 at 2.36.32 PM (2)\" \/><\/figure><\/div><div class=\"swiper-slide\" role=\"group\" aria-roledescription=\"slide\" aria-label=\"2 de 6\"><figure class=\"swiper-slide-inner\"><img decoding=\"async\" class=\"swiper-slide-image\" src=\"https:\/\/dpi.unph.edu.hn\/wp-content\/uploads\/2024\/06\/MMbeljNfiKLA7i2apQOC.jpg\" alt=\"MMbeljNfiKLA7i2apQOC\" \/><\/figure><\/div><div class=\"swiper-slide\" role=\"group\" aria-roledescription=\"slide\" aria-label=\"3 de 6\"><figure class=\"swiper-slide-inner\"><img decoding=\"async\" class=\"swiper-slide-image\" src=\"https:\/\/dpi.unph.edu.hn\/wp-content\/uploads\/2024\/06\/imagen-2-1536x1065.png\" alt=\"imagen 2\" \/><\/figure><\/div><div class=\"swiper-slide\" role=\"group\" aria-roledescription=\"slide\" aria-label=\"4 de 6\"><figure class=\"swiper-slide-inner\"><img decoding=\"async\" class=\"swiper-slide-image\" src=\"https:\/\/dpi.unph.edu.hn\/wp-content\/uploads\/2024\/06\/imagen-3.png\" alt=\"imagen 3\" \/><\/figure><\/div><div class=\"swiper-slide\" role=\"group\" aria-roledescription=\"slide\" aria-label=\"5 de 6\"><figure class=\"swiper-slide-inner\"><img decoding=\"async\" class=\"swiper-slide-image\" src=\"https:\/\/dpi.unph.edu.hn\/wp-content\/uploads\/2024\/06\/CAPTACION-GPEG-1-1.jpg\" alt=\"CAPTACION GPEG (1)\" \/><\/figure><\/div><div class=\"swiper-slide\" role=\"group\" aria-roledescription=\"slide\" aria-label=\"6 de 6\"><figure class=\"swiper-slide-inner\"><img decoding=\"async\" class=\"swiper-slide-image\" src=\"https:\/\/dpi.unph.edu.hn\/wp-content\/uploads\/2024\/06\/WhatsApp-Image-2024-06-13-at-1.34.50-PM-1536x1129.jpeg\" alt=\"WhatsApp Image 2024-06-13 at 1.34.50 PM\" \/><\/figure><\/div>\t\t\t<\/div>\n\t\t\t\t\t\t\t\t\t\t\t\t<div class=\"elementor-swiper-button elementor-swiper-button-prev\" role=\"button\" tabindex=\"0\">\n\t\t\t\t\t\t<svg aria-hidden=\"true\" class=\"e-font-icon-svg e-eicon-chevron-left\" viewBox=\"0 0 1000 1000\" xmlns=\"http:\/\/www.w3.org\/2000\/svg\"><path d=\"M646 125C629 125 613 133 604 142L308 442C296 454 292 471 292 487 292 504 296 521 308 533L604 854C617 867 629 875 646 875 663 875 679 871 692 858 704 846 713 829 713 812 713 796 708 779 692 767L438 487 692 225C700 217 708 204 708 187 708 171 704 154 692 142 675 129 663 125 646 125Z\"><\/path><\/svg>\t\t\t\t\t<\/div>\n\t\t\t\t\t<div class=\"elementor-swiper-button elementor-swiper-button-next\" role=\"button\" tabindex=\"0\">\n\t\t\t\t\t\t<svg aria-hidden=\"true\" class=\"e-font-icon-svg e-eicon-chevron-right\" viewBox=\"0 0 1000 1000\" xmlns=\"http:\/\/www.w3.org\/2000\/svg\"><path d=\"M696 533C708 521 713 504 713 487 713 471 708 454 696 446L400 146C388 133 375 125 354 125 338 125 325 129 313 142 300 154 292 171 292 187 292 204 296 221 308 233L563 492 304 771C292 783 288 800 288 817 288 833 296 850 308 863 321 871 338 875 354 875 371 875 388 867 400 854L696 533Z\"><\/path><\/svg>\t\t\t\t\t<\/div>\n\t\t\t\t\n\t\t\t\t\t\t\t\t\t<\/div>\n\t\t\t\t\t\t<\/div>\n\t\t\t\t<\/div>\n\t\t\t\t<\/div>\n\t\t\t\t\t<\/div>\n\t\t\t\t<\/div>\n\t\t\t\t<\/div>\n\t\t","protected":false},"excerpt":{"rendered":"<p>REQUISITOS Ser hondure\u00f1o (a) por nacimiento. T\u00edtulo de educaci\u00f3n media. Documento Nacional de Identificaci\u00f3n Edad de 18 a 29 a\u00f1os (cumplidos a la fecha de ingreso). No tener antecedentes disciplinarios, penales y policiales. No tener tatuajes en ninguna parte de su cuerpo, ni indicios que lo haya tenido. No adolecer de ning\u00fan impedimento f\u00edsico. No [&hellip;]<\/p>\n","protected":false},"author":4,"featured_media":0,"parent":0,"menu_order":0,"comment_status":"closed","ping_status":"closed","template":"","meta":{"footnotes":""},"class_list":["post-1268","page","type-page","status-publish","hentry"],"_links":{"self":[{"href":"https:\/\/dpi.unph.edu.hn\/index.php?rest_route=\/wp\/v2\/pages\/1268","targetHints":{"allow":["GET"]}}],"collection":[{"href":"https:\/\/dpi.unph.edu.hn\/index.php?rest_route=\/wp\/v2\/pages"}],"about":[{"href":"https:\/\/dpi.unph.edu.hn\/index.php?rest_route=\/wp\/v2\/types\/page"}],"author":[{"embeddable":true,"href":"https:\/\/dpi.unph.edu.hn\/index.php?rest_route=\/wp\/v2\/users\/4"}],"replies":[{"embeddable":true,"href":"https:\/\/dpi.unph.edu.hn\/index.php?rest_route=%2Fwp%2Fv2%2Fcomments&post=1268"}],"version-history":[{"count":10,"href":"https:\/\/dpi.unph.edu.hn\/index.php?rest_route=\/wp\/v2\/pages\/1268\/revisions"}],"predecessor-version":[{"id":1320,"href":"https:\/\/dpi.unph.edu.hn\/index.php?rest_route=\/wp\/v2\/pages\/1268\/revisions\/1320"}],"wp:attachment":[{"href":"https:\/\/dpi.unph.edu.hn\/index.php?rest_route=%2Fwp%2Fv2%2Fmedia&parent=1268"}],"curies":[{"name":"wp","href":"https:\/\/api.w.org\/{rel}","templated":true}]}}