{"id":1041,"date":"2024-06-21T11:01:04","date_gmt":"2024-06-21T17:01:04","guid":{"rendered":"https:\/\/dpi.unph.edu.hn\/?page_id=1041"},"modified":"2024-06-26T08:47:22","modified_gmt":"2024-06-26T14:47:22","slug":"unidad-de-fotografia-forense","status":"publish","type":"page","link":"https:\/\/dpi.unph.edu.hn\/?page_id=1041","title":{"rendered":"UNIDAD DE FOTOGRAF\u00cdA FORENSE"},"content":{"rendered":"\t\t<div data-elementor-type=\"wp-page\" data-elementor-id=\"1041\" class=\"elementor elementor-1041\" data-elementor-post-type=\"page\">\n\t\t\t\t<div class=\"elementor-element elementor-element-541a653 e-con-full e-flex e-con e-parent\" data-id=\"541a653\" data-element_type=\"container\" data-e-type=\"container\">\n\t\t\t\t<div class=\"elementor-element elementor-element-4c00811 elementor-widget elementor-widget-heading\" data-id=\"4c00811\" data-element_type=\"widget\" data-e-type=\"widget\" data-widget_type=\"heading.default\">\n\t\t\t\t<div class=\"elementor-widget-container\">\n\t\t\t\t\t<h2 class=\"elementor-heading-title elementor-size-default\">UNIDAD DE FOTOGRAF\u00cdA FORENSE<\/h2>\t\t\t\t<\/div>\n\t\t\t\t<\/div>\n\t\t\t\t<\/div>\n\t\t<div class=\"elementor-element elementor-element-7c97e33 e-flex e-con-boxed e-con e-parent\" data-id=\"7c97e33\" data-element_type=\"container\" data-e-type=\"container\">\n\t\t\t\t\t<div class=\"e-con-inner\">\n\t\t\t\t<div class=\"elementor-element elementor-element-5f89192 elementor-widget elementor-widget-text-editor\" data-id=\"5f89192\" data-element_type=\"widget\" data-e-type=\"widget\" data-widget_type=\"text-editor.default\">\n\t\t\t\t<div class=\"elementor-widget-container\">\n\t\t\t\t\t\t\t\t\t<ol><li>Fijaci\u00f3n fotogr\u00e1fica al Lugar de los hechos e indicios.<\/li><li>Fijaci\u00f3n fotogr\u00e1fica en diligencias con reactivos fluorescente y luces forenses.<\/li><li>Fijaci\u00f3n fotogr\u00e1fica en Exhumaciones.<\/li><li>Fijaci\u00f3n fotogr\u00e1fica en reconstrucciones de hechos.<\/li><li>Fijaci\u00f3n fotogr\u00e1fica de indicios remitidos a los laboratorios de criminal\u00edstica.<\/li><li>Fijaci\u00f3n fotogr\u00e1fica en Allanamientos.<\/li><li>Fijaci\u00f3n fotogr\u00e1fica a Trayectoria Bal\u00edstica.<\/li><\/ol>\t\t\t\t\t\t\t\t<\/div>\n\t\t\t\t<\/div>\n\t\t\t\t\t<\/div>\n\t\t\t\t<\/div>\n\t\t<div class=\"elementor-element elementor-element-03d09e8 e-flex e-con-boxed e-con e-parent\" data-id=\"03d09e8\" data-element_type=\"container\" data-e-type=\"container\">\n\t\t\t\t\t<div class=\"e-con-inner\">\n\t\t<div class=\"elementor-element elementor-element-fb91666 e-con-full e-flex e-con e-child\" data-id=\"fb91666\" data-element_type=\"container\" data-e-type=\"container\">\n\t\t\t\t<div class=\"elementor-element elementor-element-b5adc9c elementor-widget elementor-widget-image\" data-id=\"b5adc9c\" data-element_type=\"widget\" data-e-type=\"widget\" data-widget_type=\"image.default\">\n\t\t\t\t<div class=\"elementor-widget-container\">\n\t\t\t\t\t\t\t\t\t\t\t\t\t\t\t<img fetchpriority=\"high\" decoding=\"async\" width=\"640\" height=\"456\" src=\"https:\/\/dpi.unph.edu.hn\/wp-content\/uploads\/2024\/06\/IMG_6721-768x547.jpg\" class=\"attachment-medium_large size-medium_large wp-image-1537\" alt=\"\" srcset=\"https:\/\/dpi.unph.edu.hn\/wp-content\/uploads\/2024\/06\/IMG_6721-768x547.jpg 768w, https:\/\/dpi.unph.edu.hn\/wp-content\/uploads\/2024\/06\/IMG_6721-300x214.jpg 300w, https:\/\/dpi.unph.edu.hn\/wp-content\/uploads\/2024\/06\/IMG_6721-1024x730.jpg 1024w, https:\/\/dpi.unph.edu.hn\/wp-content\/uploads\/2024\/06\/IMG_6721-1536x1094.jpg 1536w, https:\/\/dpi.unph.edu.hn\/wp-content\/uploads\/2024\/06\/IMG_6721-2048x1459.jpg 2048w\" sizes=\"(max-width: 640px) 100vw, 640px\" \/>\t\t\t\t\t\t\t\t\t\t\t\t\t\t\t<\/div>\n\t\t\t\t<\/div>\n\t\t\t\t<\/div>\n\t\t<div class=\"elementor-element elementor-element-17def3d e-con-full e-flex e-con e-child\" data-id=\"17def3d\" data-element_type=\"container\" data-e-type=\"container\">\n\t\t\t\t<div class=\"elementor-element elementor-element-2635c84 elementor-widget elementor-widget-image\" data-id=\"2635c84\" data-element_type=\"widget\" data-e-type=\"widget\" data-widget_type=\"image.default\">\n\t\t\t\t<div class=\"elementor-widget-container\">\n\t\t\t\t\t\t\t\t\t\t\t\t\t\t\t<img decoding=\"async\" width=\"2560\" height=\"1707\" src=\"https:\/\/dpi.unph.edu.hn\/wp-content\/uploads\/2024\/06\/IMG_8659-scaled.jpg\" class=\"attachment-full size-full wp-image-1512\" alt=\"\" srcset=\"https:\/\/dpi.unph.edu.hn\/wp-content\/uploads\/2024\/06\/IMG_8659-scaled.jpg 2560w, https:\/\/dpi.unph.edu.hn\/wp-content\/uploads\/2024\/06\/IMG_8659-300x200.jpg 300w, https:\/\/dpi.unph.edu.hn\/wp-content\/uploads\/2024\/06\/IMG_8659-1024x683.jpg 1024w, https:\/\/dpi.unph.edu.hn\/wp-content\/uploads\/2024\/06\/IMG_8659-768x512.jpg 768w, https:\/\/dpi.unph.edu.hn\/wp-content\/uploads\/2024\/06\/IMG_8659-1536x1024.jpg 1536w, https:\/\/dpi.unph.edu.hn\/wp-content\/uploads\/2024\/06\/IMG_8659-2048x1365.jpg 2048w\" sizes=\"(max-width: 2560px) 100vw, 2560px\" \/>\t\t\t\t\t\t\t\t\t\t\t\t\t\t\t<\/div>\n\t\t\t\t<\/div>\n\t\t\t\t<\/div>\n\t\t\t\t\t<\/div>\n\t\t\t\t<\/div>\n\t\t<div class=\"elementor-element elementor-element-9e7c5f5 e-flex e-con-boxed e-con e-parent\" data-id=\"9e7c5f5\" data-element_type=\"container\" data-e-type=\"container\">\n\t\t\t\t\t<div class=\"e-con-inner\">\n\t\t\t\t\t<\/div>\n\t\t\t\t<\/div>\n\t\t<div class=\"elementor-element elementor-element-e0cb16c e-flex e-con-boxed elementor-invisible e-con e-parent\" data-id=\"e0cb16c\" data-element_type=\"container\" data-e-type=\"container\" data-settings=\"{&quot;background_background&quot;:&quot;classic&quot;,&quot;animation&quot;:&quot;fadeInRight&quot;}\">\n\t\t\t\t\t<div class=\"e-con-inner\">\n\t\t<div class=\"elementor-element elementor-element-827b6b2 e-con-full e-flex e-con e-child\" data-id=\"827b6b2\" data-element_type=\"container\" data-e-type=\"container\" data-settings=\"{&quot;background_background&quot;:&quot;classic&quot;}\">\n\t\t\t\t<div class=\"elementor-element elementor-element-c3ece94 elementor-widget elementor-widget-heading\" data-id=\"c3ece94\" data-element_type=\"widget\" data-e-type=\"widget\" data-widget_type=\"heading.default\">\n\t\t\t\t<div class=\"elementor-widget-container\">\n\t\t\t\t\t<h2 class=\"elementor-heading-title elementor-size-default\">Encu\u00e9ntranos <\/h2>\t\t\t\t<\/div>\n\t\t\t\t<\/div>\n\t\t\t\t<div class=\"elementor-element elementor-element-252566c elementor-widget__width-initial elementor-widget elementor-widget-text-editor\" data-id=\"252566c\" data-element_type=\"widget\" data-e-type=\"widget\" data-widget_type=\"text-editor.default\">\n\t\t\t\t<div class=\"elementor-widget-container\">\n\t\t\t\t\t\t\t\t\t<p><strong>Tegucigalpa: Colonia Kennedy, Primera Entrada<\/strong><\/p><p><strong>San Pedro Sula: Colonia Calpules\u00a0<\/strong><\/p>\t\t\t\t\t\t\t\t<\/div>\n\t\t\t\t<\/div>\n\t\t\t\t<div class=\"elementor-element elementor-element-f06e482 elementor-widget elementor-widget-heading\" data-id=\"f06e482\" data-element_type=\"widget\" data-e-type=\"widget\" data-widget_type=\"heading.default\">\n\t\t\t\t<div class=\"elementor-widget-container\">\n\t\t\t\t\t<h5 class=\"elementor-heading-title elementor-size-default\">Nuestra Sede Principal Zona Centro<\/h5>\t\t\t\t<\/div>\n\t\t\t\t<\/div>\n\t\t\t\t<div class=\"elementor-element elementor-element-9163a28 elementor-widget elementor-widget-google_maps\" data-id=\"9163a28\" data-element_type=\"widget\" data-e-type=\"widget\" data-widget_type=\"google_maps.default\">\n\t\t\t\t<div class=\"elementor-widget-container\">\n\t\t\t\t\t\t\t<div class=\"elementor-custom-embed\">\n\t\t\t<iframe loading=\"lazy\"\n\t\t\t\t\tsrc=\"https:\/\/maps.google.com\/maps?q=Primera%20entrada%20colonia%20Kennedy%2C%20boulevard%20Centro%20america%2C%2011101%20Tegucigalpa&#038;t=m&#038;z=17&#038;output=embed&#038;iwloc=near\"\n\t\t\t\t\ttitle=\"Primera entrada colonia Kennedy, boulevard Centro america, 11101 Tegucigalpa\"\n\t\t\t\t\taria-label=\"Primera entrada colonia Kennedy, boulevard Centro america, 11101 Tegucigalpa\"\n\t\t\t><\/iframe>\n\t\t<\/div>\n\t\t\t\t\t\t<\/div>\n\t\t\t\t<\/div>\n\t\t\t\t<\/div>\n\t\t\t\t<div class=\"elementor-element elementor-element-a047bd8 elementor-widget__width-initial elementor-widget-divider--view-line elementor-widget elementor-widget-divider\" data-id=\"a047bd8\" data-element_type=\"widget\" data-e-type=\"widget\" data-widget_type=\"divider.default\">\n\t\t\t\t<div class=\"elementor-widget-container\">\n\t\t\t\t\t\t\t<div class=\"elementor-divider\">\n\t\t\t<span class=\"elementor-divider-separator\">\n\t\t\t\t\t\t<\/span>\n\t\t<\/div>\n\t\t\t\t\t\t<\/div>\n\t\t\t\t<\/div>\n\t\t<div class=\"elementor-element elementor-element-93fedd4 e-con-full e-flex e-con e-child\" data-id=\"93fedd4\" data-element_type=\"container\" data-e-type=\"container\">\n\t\t\t\t<div class=\"elementor-element elementor-element-2c37d03 elementor-widget elementor-widget-text-editor\" data-id=\"2c37d03\" data-element_type=\"widget\" data-e-type=\"widget\" data-widget_type=\"text-editor.default\">\n\t\t\t\t<div class=\"elementor-widget-container\">\n\t\t\t\t\t\t\t\t\t<p><strong>Tel\u00e9fonos: 8977-0428<\/strong><\/p><p><strong>Correo: dpi.captacion@policianacional.gob.hn<\/strong><\/p>\t\t\t\t\t\t\t\t<\/div>\n\t\t\t\t<\/div>\n\t\t\t\t<div class=\"elementor-element elementor-element-adbb7e2 elementor-widget elementor-widget-heading\" data-id=\"adbb7e2\" data-element_type=\"widget\" data-e-type=\"widget\" data-widget_type=\"heading.default\">\n\t\t\t\t<div class=\"elementor-widget-container\">\n\t\t\t\t\t<h3 class=\"elementor-heading-title elementor-size-default\">DPI Tegucigalpa\/SPS<\/h3>\t\t\t\t<\/div>\n\t\t\t\t<\/div>\n\t\t\t\t<div class=\"elementor-element elementor-element-1c6cb93 elementor-widget__width-initial elementor-arrows-position-inside elementor-widget elementor-widget-image-carousel\" data-id=\"1c6cb93\" data-element_type=\"widget\" data-e-type=\"widget\" data-settings=\"{&quot;slides_to_show&quot;:&quot;1&quot;,&quot;navigation&quot;:&quot;arrows&quot;,&quot;autoplay&quot;:&quot;yes&quot;,&quot;pause_on_hover&quot;:&quot;yes&quot;,&quot;pause_on_interaction&quot;:&quot;yes&quot;,&quot;autoplay_speed&quot;:5000,&quot;infinite&quot;:&quot;yes&quot;,&quot;effect&quot;:&quot;slide&quot;,&quot;speed&quot;:500}\" data-widget_type=\"image-carousel.default\">\n\t\t\t\t<div class=\"elementor-widget-container\">\n\t\t\t\t\t\t\t<div class=\"elementor-image-carousel-wrapper swiper\" role=\"region\" aria-roledescription=\"carousel\" aria-label=\"Carrusel de Im\u00e1genes\" dir=\"ltr\">\n\t\t\t<div class=\"elementor-image-carousel swiper-wrapper\" aria-live=\"off\">\n\t\t\t\t\t\t\t\t<div class=\"swiper-slide\" role=\"group\" aria-roledescription=\"slide\" aria-label=\"1 de 6\"><figure class=\"swiper-slide-inner\"><img decoding=\"async\" class=\"swiper-slide-image\" src=\"https:\/\/dpi.unph.edu.hn\/wp-content\/uploads\/2024\/06\/WhatsApp-Image-2024-06-12-at-2.36.32-PM-2.jpeg\" alt=\"WhatsApp Image 2024-06-12 at 2.36.32 PM (2)\" \/><\/figure><\/div><div class=\"swiper-slide\" role=\"group\" aria-roledescription=\"slide\" aria-label=\"2 de 6\"><figure class=\"swiper-slide-inner\"><img decoding=\"async\" class=\"swiper-slide-image\" src=\"https:\/\/dpi.unph.edu.hn\/wp-content\/uploads\/2024\/06\/MMbeljNfiKLA7i2apQOC.jpg\" alt=\"MMbeljNfiKLA7i2apQOC\" \/><\/figure><\/div><div class=\"swiper-slide\" role=\"group\" aria-roledescription=\"slide\" aria-label=\"3 de 6\"><figure class=\"swiper-slide-inner\"><img decoding=\"async\" class=\"swiper-slide-image\" src=\"https:\/\/dpi.unph.edu.hn\/wp-content\/uploads\/2024\/06\/imagen-2-1536x1065.png\" alt=\"imagen 2\" \/><\/figure><\/div><div class=\"swiper-slide\" role=\"group\" aria-roledescription=\"slide\" aria-label=\"4 de 6\"><figure class=\"swiper-slide-inner\"><img decoding=\"async\" class=\"swiper-slide-image\" src=\"https:\/\/dpi.unph.edu.hn\/wp-content\/uploads\/2024\/06\/imagen-3.png\" alt=\"imagen 3\" \/><\/figure><\/div><div class=\"swiper-slide\" role=\"group\" aria-roledescription=\"slide\" aria-label=\"5 de 6\"><figure class=\"swiper-slide-inner\"><img decoding=\"async\" class=\"swiper-slide-image\" src=\"https:\/\/dpi.unph.edu.hn\/wp-content\/uploads\/2024\/06\/CAPTACION-GPEG-1-1.jpg\" alt=\"CAPTACION GPEG (1)\" \/><\/figure><\/div><div class=\"swiper-slide\" role=\"group\" aria-roledescription=\"slide\" aria-label=\"6 de 6\"><figure class=\"swiper-slide-inner\"><img decoding=\"async\" class=\"swiper-slide-image\" src=\"https:\/\/dpi.unph.edu.hn\/wp-content\/uploads\/2024\/06\/WhatsApp-Image-2024-06-13-at-1.34.50-PM-1536x1129.jpeg\" alt=\"WhatsApp Image 2024-06-13 at 1.34.50 PM\" \/><\/figure><\/div>\t\t\t<\/div>\n\t\t\t\t\t\t\t\t\t\t\t\t<div class=\"elementor-swiper-button elementor-swiper-button-prev\" role=\"button\" tabindex=\"0\">\n\t\t\t\t\t\t<svg aria-hidden=\"true\" class=\"e-font-icon-svg e-eicon-chevron-left\" viewBox=\"0 0 1000 1000\" xmlns=\"http:\/\/www.w3.org\/2000\/svg\"><path d=\"M646 125C629 125 613 133 604 142L308 442C296 454 292 471 292 487 292 504 296 521 308 533L604 854C617 867 629 875 646 875 663 875 679 871 692 858 704 846 713 829 713 812 713 796 708 779 692 767L438 487 692 225C700 217 708 204 708 187 708 171 704 154 692 142 675 129 663 125 646 125Z\"><\/path><\/svg>\t\t\t\t\t<\/div>\n\t\t\t\t\t<div class=\"elementor-swiper-button elementor-swiper-button-next\" role=\"button\" tabindex=\"0\">\n\t\t\t\t\t\t<svg aria-hidden=\"true\" class=\"e-font-icon-svg e-eicon-chevron-right\" viewBox=\"0 0 1000 1000\" xmlns=\"http:\/\/www.w3.org\/2000\/svg\"><path d=\"M696 533C708 521 713 504 713 487 713 471 708 454 696 446L400 146C388 133 375 125 354 125 338 125 325 129 313 142 300 154 292 171 292 187 292 204 296 221 308 233L563 492 304 771C292 783 288 800 288 817 288 833 296 850 308 863 321 871 338 875 354 875 371 875 388 867 400 854L696 533Z\"><\/path><\/svg>\t\t\t\t\t<\/div>\n\t\t\t\t\n\t\t\t\t\t\t\t\t\t<\/div>\n\t\t\t\t\t\t<\/div>\n\t\t\t\t<\/div>\n\t\t\t\t<\/div>\n\t\t\t\t\t<\/div>\n\t\t\t\t<\/div>\n\t\t\t\t<\/div>\n\t\t","protected":false},"excerpt":{"rendered":"<p>UNIDAD DE FOTOGRAF\u00cdA FORENSE Fijaci\u00f3n fotogr\u00e1fica al Lugar de los hechos e indicios. Fijaci\u00f3n fotogr\u00e1fica en diligencias con reactivos fluorescente y luces forenses. Fijaci\u00f3n fotogr\u00e1fica en Exhumaciones. Fijaci\u00f3n fotogr\u00e1fica en reconstrucciones de hechos. Fijaci\u00f3n fotogr\u00e1fica de indicios remitidos a los laboratorios de criminal\u00edstica. Fijaci\u00f3n fotogr\u00e1fica en Allanamientos. Fijaci\u00f3n fotogr\u00e1fica a Trayectoria Bal\u00edstica. Encu\u00e9ntranos Tegucigalpa: Colonia [&hellip;]<\/p>\n","protected":false},"author":6,"featured_media":0,"parent":0,"menu_order":0,"comment_status":"closed","ping_status":"closed","template":"","meta":{"footnotes":""},"class_list":["post-1041","page","type-page","status-publish","hentry"],"_links":{"self":[{"href":"https:\/\/dpi.unph.edu.hn\/index.php?rest_route=\/wp\/v2\/pages\/1041","targetHints":{"allow":["GET"]}}],"collection":[{"href":"https:\/\/dpi.unph.edu.hn\/index.php?rest_route=\/wp\/v2\/pages"}],"about":[{"href":"https:\/\/dpi.unph.edu.hn\/index.php?rest_route=\/wp\/v2\/types\/page"}],"author":[{"embeddable":true,"href":"https:\/\/dpi.unph.edu.hn\/index.php?rest_route=\/wp\/v2\/users\/6"}],"replies":[{"embeddable":true,"href":"https:\/\/dpi.unph.edu.hn\/index.php?rest_route=%2Fwp%2Fv2%2Fcomments&post=1041"}],"version-history":[{"count":10,"href":"https:\/\/dpi.unph.edu.hn\/index.php?rest_route=\/wp\/v2\/pages\/1041\/revisions"}],"predecessor-version":[{"id":1562,"href":"https:\/\/dpi.unph.edu.hn\/index.php?rest_route=\/wp\/v2\/pages\/1041\/revisions\/1562"}],"wp:attachment":[{"href":"https:\/\/dpi.unph.edu.hn\/index.php?rest_route=%2Fwp%2Fv2%2Fmedia&parent=1041"}],"curies":[{"name":"wp","href":"https:\/\/api.w.org\/{rel}","templated":true}]}}